{"id":7660,"date":"2024-02-24T13:40:20","date_gmt":"2024-02-24T10:10:20","guid":{"rendered":"https:\/\/asapack.com\/tr\/?page_id=7660"},"modified":"2024-03-11T17:59:15","modified_gmt":"2024-03-11T14:29:15","slug":"catalog","status":"publish","type":"page","link":"https:\/\/asapack.com\/tr\/catalog\/","title":{"rendered":"Katalog"},"content":{"rendered":"\t\t<div data-elementor-type=\"wp-page\" data-elementor-id=\"7660\" class=\"elementor elementor-7660\" data-elementor-post-type=\"page\">\n\t\t\t\t<div class=\"wd-negative-gap elementor-element elementor-element-2ad13eb e-flex e-con-boxed wd-section-disabled e-con e-parent\" data-id=\"2ad13eb\" data-element_type=\"container\" data-core-v316-plus=\"true\">\n\t\t\t\t\t<div class=\"e-con-inner\">\n\t\t<div class=\"wd-negative-gap elementor-element elementor-element-c6beb75 e-flex e-con-boxed wd-section-disabled e-con e-child\" data-id=\"c6beb75\" data-element_type=\"container\">\n\t\t\t\t\t<div class=\"e-con-inner\">\n\t\t\t\t<div class=\"elementor-element elementor-element-5471669 color-scheme-inherit text-left elementor-widget elementor-widget-text-editor\" data-id=\"5471669\" data-element_type=\"widget\" data-widget_type=\"text-editor.default\">\n\t\t\t\t<div class=\"elementor-widget-container\">\n\t\t\t<style>\/*! elementor - v3.20.0 - 11-03-2024 *\/\n.elementor-widget-text-editor.elementor-drop-cap-view-stacked .elementor-drop-cap{background-color:#69727d;color:#fff}.elementor-widget-text-editor.elementor-drop-cap-view-framed .elementor-drop-cap{color:#69727d;border:3px solid;background-color:transparent}.elementor-widget-text-editor:not(.elementor-drop-cap-view-default) .elementor-drop-cap{margin-top:8px}.elementor-widget-text-editor:not(.elementor-drop-cap-view-default) .elementor-drop-cap-letter{width:1em;height:1em}.elementor-widget-text-editor .elementor-drop-cap{float:left;text-align:center;line-height:1;font-size:50px}.elementor-widget-text-editor .elementor-drop-cap-letter{display:inline-block}<\/style>\t\t\t\t<h1><span style=\"color: #ed1c24;\">Asapack<\/span> Kataloglar<\/h1>\t\t\t\t\t\t<\/div>\n\t\t\t\t<\/div>\n\t\t\t\t<div class=\"elementor-element elementor-element-7352408 color-scheme-inherit text-left elementor-widget elementor-widget-text-editor\" data-id=\"7352408\" data-element_type=\"widget\" data-widget_type=\"text-editor.default\">\n\t\t\t\t<div class=\"elementor-widget-container\">\n\t\t\t\t\t\t\t<p>De\u011ferli Asapack dostlar\u0131m\u0131z, \u00fcr\u00fcn kataloglar\u0131m\u0131z\u0131 a\u015fa\u011f\u0131daki butonlara t\u0131klayarak indirebilirsiniz:<\/p>\t\t\t\t\t\t<\/div>\n\t\t\t\t<\/div>\n\t\t\t\t\t<\/div>\n\t\t\t\t<\/div>\n\t\t<div class=\"wd-negative-gap elementor-element elementor-element-1b3fc2d e-flex e-con-boxed wd-section-disabled e-con e-child\" data-id=\"1b3fc2d\" data-element_type=\"container\">\n\t\t\t\t\t<div class=\"e-con-inner\">\n\t\t<div class=\"wd-negative-gap elementor-element elementor-element-4a7bb0f e-flex e-con-boxed wd-section-disabled e-con e-child\" data-id=\"4a7bb0f\" data-element_type=\"container\">\n\t\t\t\t\t<div class=\"e-con-inner\">\n\t\t\t\t<div class=\"elementor-element elementor-element-c65bfd1 elementor-widget elementor-widget-button\" data-id=\"c65bfd1\" data-element_type=\"widget\" data-widget_type=\"button.default\">\n\t\t\t\t<div class=\"elementor-widget-container\">\n\t\t\t\t\t<div class=\"elementor-button-wrapper\">\n\t\t\t<a class=\"elementor-button elementor-button-link elementor-size-sm\" href=\"https:\/\/asapack.com\/tr\/wp-content\/uploads\/2024\/02\/Catalog-of-household-products-asapack.pdf\" target=\"_blank\">\n\t\t\t\t\t\t<span class=\"elementor-button-content-wrapper\">\n\t\t\t\t\t\t<span class=\"elementor-button-icon elementor-align-icon-right\">\n\t\t\t\t<i aria-hidden=\"true\" class=\"fas fa-book-open\"><\/i>\t\t\t<\/span>\n\t\t\t\t\t\t<span class=\"elementor-button-text\">Ev \u00fcr\u00fcnleri katalo\u011funu indirin<\/span>\n\t\t<\/span>\n\t\t\t\t\t<\/a>\n\t\t<\/div>\n\t\t\t\t<\/div>\n\t\t\t\t<\/div>\n\t\t\t\t<div class=\"elementor-element elementor-element-e8de4a8 elementor-widget elementor-widget-button\" data-id=\"e8de4a8\" data-element_type=\"widget\" data-widget_type=\"button.default\">\n\t\t\t\t<div class=\"elementor-widget-container\">\n\t\t\t\t\t<div class=\"elementor-button-wrapper\">\n\t\t\t<a class=\"elementor-button elementor-button-link elementor-size-sm\" href=\"https:\/\/asapack.com\/tr\/wp-content\/uploads\/2024\/02\/Store-product-catalog-asapack.pdf\" target=\"_blank\">\n\t\t\t\t\t\t<span class=\"elementor-button-content-wrapper\">\n\t\t\t\t\t\t<span class=\"elementor-button-icon elementor-align-icon-right\">\n\t\t\t\t<i aria-hidden=\"true\" class=\"fas fa-book-open\"><\/i>\t\t\t<\/span>\n\t\t\t\t\t\t<span class=\"elementor-button-text\">Ma\u011faza \u00fcr\u00fcnleri katalo\u011funu indirin<\/span>\n\t\t<\/span>\n\t\t\t\t\t<\/a>\n\t\t<\/div>\n\t\t\t\t<\/div>\n\t\t\t\t<\/div>\n\t\t\t\t\t<\/div>\n\t\t\t\t<\/div>\n\t\t<div class=\"wd-negative-gap elementor-element elementor-element-a645e89 e-flex e-con-boxed wd-section-disabled e-con e-child\" data-id=\"a645e89\" data-element_type=\"container\">\n\t\t\t\t\t<div class=\"e-con-inner\">\n\t\t\t\t<div class=\"elementor-element elementor-element-fea1d25 elementor-widget elementor-widget-button\" data-id=\"fea1d25\" data-element_type=\"widget\" data-widget_type=\"button.default\">\n\t\t\t\t<div class=\"elementor-widget-container\">\n\t\t\t\t\t<div class=\"elementor-button-wrapper\">\n\t\t\t<a class=\"elementor-button elementor-button-link elementor-size-sm\" href=\"#\" target=\"_blank\">\n\t\t\t\t\t\t<span class=\"elementor-button-content-wrapper\">\n\t\t\t\t\t\t<span class=\"elementor-button-icon elementor-align-icon-right\">\n\t\t\t\t<i aria-hidden=\"true\" class=\"fas fa-book-open\"><\/i>\t\t\t<\/span>\n\t\t\t\t\t\t<span class=\"elementor-button-text\">End\u00fcstriyel \u00fcr\u00fcnler katalo\u011funu indirin<\/span>\n\t\t<\/span>\n\t\t\t\t\t<\/a>\n\t\t<\/div>\n\t\t\t\t<\/div>\n\t\t\t\t<\/div>\n\t\t\t\t\t<\/div>\n\t\t\t\t<\/div>\n\t\t\t\t\t<\/div>\n\t\t\t\t<\/div>\n\t\t\t\t\t<\/div>\n\t\t\t\t<\/div>\n\t\t\t\t<\/div>\n\t\t","protected":false},"excerpt":{"rendered":"<p>Asapack Kataloglar De\u011ferli Asapack dostlar\u0131m\u0131z, \u00fcr\u00fcn kataloglar\u0131m\u0131z\u0131 a\u015fa\u011f\u0131daki butonlara t\u0131klayarak indirebilirsiniz: Ev \u00fcr\u00fcnleri katalo\u011funu indirin Ma\u011faza \u00fcr\u00fcnleri katalo\u011funu indirin End\u00fcstriyel<\/p>\n","protected":false},"author":41,"featured_media":0,"parent":0,"menu_order":0,"comment_status":"closed","ping_status":"closed","template":"","meta":{"inline_featured_image":false,"footnotes":""},"class_list":["post-7660","page","type-page","status-publish","hentry"],"yoast_head":"<!-- This site is optimized with the Yoast SEO Premium plugin v22.1 (Yoast SEO v22.2) - https:\/\/yoast.com\/wordpress\/plugins\/seo\/ -->\n<title>Katalog - Asapack \u015eirket<\/title>\n<meta name=\"robots\" content=\"index, follow, max-snippet:-1, max-image-preview:large, max-video-preview:-1\" \/>\n<link rel=\"canonical\" href=\"https:\/\/asapack.com\/tr\/catalog\/\" \/>\n<meta property=\"og:locale\" content=\"tr_TR\" \/>\n<meta property=\"og:type\" content=\"article\" \/>\n<meta property=\"og:title\" content=\"Katalog\" \/>\n<meta property=\"og:description\" content=\"Asapack Kataloglar De\u011ferli Asapack dostlar\u0131m\u0131z, \u00fcr\u00fcn kataloglar\u0131m\u0131z\u0131 a\u015fa\u011f\u0131daki butonlara t\u0131klayarak indirebilirsiniz: Ev \u00fcr\u00fcnleri katalo\u011funu indirin Ma\u011faza \u00fcr\u00fcnleri katalo\u011funu indirin End\u00fcstriyel\" \/>\n<meta property=\"og:url\" content=\"https:\/\/asapack.com\/tr\/catalog\/\" \/>\n<meta property=\"og:site_name\" content=\"Asapack \u015eirket\" \/>\n<meta property=\"article:modified_time\" content=\"2024-03-11T14:29:15+00:00\" \/>\n<meta name=\"twitter:card\" content=\"summary_large_image\" \/>\n<script type=\"application\/ld+json\" class=\"yoast-schema-graph\">{\"@context\":\"https:\/\/schema.org\",\"@graph\":[{\"@type\":\"WebPage\",\"@id\":\"https:\/\/asapack.com\/tr\/catalog\/\",\"url\":\"https:\/\/asapack.com\/tr\/catalog\/\",\"name\":\"Katalog - Asapack \u015eirket\",\"isPartOf\":{\"@id\":\"https:\/\/asapack.com\/tr\/#website\"},\"datePublished\":\"2024-02-24T10:10:20+00:00\",\"dateModified\":\"2024-03-11T14:29:15+00:00\",\"breadcrumb\":{\"@id\":\"https:\/\/asapack.com\/tr\/catalog\/#breadcrumb\"},\"inLanguage\":\"tr\",\"potentialAction\":[{\"@type\":\"ReadAction\",\"target\":[\"https:\/\/asapack.com\/tr\/catalog\/\"]}]},{\"@type\":\"BreadcrumbList\",\"@id\":\"https:\/\/asapack.com\/tr\/catalog\/#breadcrumb\",\"itemListElement\":[{\"@type\":\"ListItem\",\"position\":1,\"name\":\"Home\",\"item\":\"https:\/\/asapack.com\/tr\/\"},{\"@type\":\"ListItem\",\"position\":2,\"name\":\"Katalog\"}]},{\"@type\":\"WebSite\",\"@id\":\"https:\/\/asapack.com\/tr\/#website\",\"url\":\"https:\/\/asapack.com\/tr\/\",\"name\":\"Asapack \u015eirket\",\"description\":\"\",\"publisher\":{\"@id\":\"https:\/\/asapack.com\/tr\/#organization\"},\"alternateName\":\"Asapack\",\"potentialAction\":[{\"@type\":\"SearchAction\",\"target\":{\"@type\":\"EntryPoint\",\"urlTemplate\":\"https:\/\/asapack.com\/tr\/?s={search_term_string}\"},\"query-input\":\"required name=search_term_string\"}],\"inLanguage\":\"tr\"},{\"@type\":\"Organization\",\"@id\":\"https:\/\/asapack.com\/tr\/#organization\",\"name\":\"Asapack \u015eirket\",\"alternateName\":\"Asapack \u015eirket\",\"url\":\"https:\/\/asapack.com\/tr\/\",\"logo\":{\"@type\":\"ImageObject\",\"inLanguage\":\"tr\",\"@id\":\"https:\/\/asapack.com\/tr\/#\/schema\/logo\/image\/\",\"url\":\"https:\/\/asapack.com\/tr\/wp-content\/uploads\/2023\/04\/asapack-logo-english.png\",\"contentUrl\":\"https:\/\/asapack.com\/tr\/wp-content\/uploads\/2023\/04\/asapack-logo-english.png\",\"width\":1065,\"height\":340,\"caption\":\"Asapack \u015eirket\"},\"image\":{\"@id\":\"https:\/\/asapack.com\/tr\/#\/schema\/logo\/image\/\"}}]}<\/script>\n<!-- \/ Yoast SEO Premium plugin. -->","yoast_head_json":{"title":"Katalog - Asapack \u015eirket","robots":{"index":"index","follow":"follow","max-snippet":"max-snippet:-1","max-image-preview":"max-image-preview:large","max-video-preview":"max-video-preview:-1"},"canonical":"https:\/\/asapack.com\/tr\/catalog\/","og_locale":"tr_TR","og_type":"article","og_title":"Katalog","og_description":"Asapack Kataloglar De\u011ferli Asapack dostlar\u0131m\u0131z, \u00fcr\u00fcn kataloglar\u0131m\u0131z\u0131 a\u015fa\u011f\u0131daki butonlara t\u0131klayarak indirebilirsiniz: Ev \u00fcr\u00fcnleri katalo\u011funu indirin Ma\u011faza \u00fcr\u00fcnleri katalo\u011funu indirin End\u00fcstriyel","og_url":"https:\/\/asapack.com\/tr\/catalog\/","og_site_name":"Asapack \u015eirket","article_modified_time":"2024-03-11T14:29:15+00:00","twitter_card":"summary_large_image","schema":{"@context":"https:\/\/schema.org","@graph":[{"@type":"WebPage","@id":"https:\/\/asapack.com\/tr\/catalog\/","url":"https:\/\/asapack.com\/tr\/catalog\/","name":"Katalog - Asapack \u015eirket","isPartOf":{"@id":"https:\/\/asapack.com\/tr\/#website"},"datePublished":"2024-02-24T10:10:20+00:00","dateModified":"2024-03-11T14:29:15+00:00","breadcrumb":{"@id":"https:\/\/asapack.com\/tr\/catalog\/#breadcrumb"},"inLanguage":"tr","potentialAction":[{"@type":"ReadAction","target":["https:\/\/asapack.com\/tr\/catalog\/"]}]},{"@type":"BreadcrumbList","@id":"https:\/\/asapack.com\/tr\/catalog\/#breadcrumb","itemListElement":[{"@type":"ListItem","position":1,"name":"Home","item":"https:\/\/asapack.com\/tr\/"},{"@type":"ListItem","position":2,"name":"Katalog"}]},{"@type":"WebSite","@id":"https:\/\/asapack.com\/tr\/#website","url":"https:\/\/asapack.com\/tr\/","name":"Asapack \u015eirket","description":"","publisher":{"@id":"https:\/\/asapack.com\/tr\/#organization"},"alternateName":"Asapack","potentialAction":[{"@type":"SearchAction","target":{"@type":"EntryPoint","urlTemplate":"https:\/\/asapack.com\/tr\/?s={search_term_string}"},"query-input":"required name=search_term_string"}],"inLanguage":"tr"},{"@type":"Organization","@id":"https:\/\/asapack.com\/tr\/#organization","name":"Asapack \u015eirket","alternateName":"Asapack \u015eirket","url":"https:\/\/asapack.com\/tr\/","logo":{"@type":"ImageObject","inLanguage":"tr","@id":"https:\/\/asapack.com\/tr\/#\/schema\/logo\/image\/","url":"https:\/\/asapack.com\/tr\/wp-content\/uploads\/2023\/04\/asapack-logo-english.png","contentUrl":"https:\/\/asapack.com\/tr\/wp-content\/uploads\/2023\/04\/asapack-logo-english.png","width":1065,"height":340,"caption":"Asapack \u015eirket"},"image":{"@id":"https:\/\/asapack.com\/tr\/#\/schema\/logo\/image\/"}}]}},"_links":{"self":[{"href":"https:\/\/asapack.com\/tr\/wp-json\/wp\/v2\/pages\/7660","targetHints":{"allow":["GET"]}}],"collection":[{"href":"https:\/\/asapack.com\/tr\/wp-json\/wp\/v2\/pages"}],"about":[{"href":"https:\/\/asapack.com\/tr\/wp-json\/wp\/v2\/types\/page"}],"author":[{"embeddable":true,"href":"https:\/\/asapack.com\/tr\/wp-json\/wp\/v2\/users\/41"}],"replies":[{"embeddable":true,"href":"https:\/\/asapack.com\/tr\/wp-json\/wp\/v2\/comments?post=7660"}],"version-history":[{"count":0,"href":"https:\/\/asapack.com\/tr\/wp-json\/wp\/v2\/pages\/7660\/revisions"}],"wp:attachment":[{"href":"https:\/\/asapack.com\/tr\/wp-json\/wp\/v2\/media?parent=7660"}],"curies":[{"name":"wp","href":"https:\/\/api.w.org\/{rel}","templated":true}]}}